{"id":3733,"date":"2025-08-03T23:40:30","date_gmt":"2025-08-03T23:40:30","guid":{"rendered":"https:\/\/tohibayinde.com\/kerales\/?page_id=3733"},"modified":"2026-04-16T14:05:32","modified_gmt":"2026-04-16T14:05:32","slug":"ingenieries-financieres","status":"publish","type":"page","link":"https:\/\/tohibayinde.com\/kerales\/ingenieries-financieres\/","title":{"rendered":"Ing\u00e9nieries Financi\u00e8res"},"content":{"rendered":"\t\t<div data-elementor-type=\"wp-page\" data-elementor-id=\"3733\" class=\"elementor elementor-3733\" data-elementor-post-type=\"page\">\n\t\t\t\t\t\t<section class=\"elementor-section elementor-top-section elementor-element elementor-element-216025c elementor-section-full_width elementor-section-stretched elementor-section-height-default elementor-section-height-default\" data-id=\"216025c\" data-element_type=\"section\" data-e-type=\"section\" data-settings=\"{&quot;stretch_section&quot;:&quot;section-stretched&quot;}\">\n\t\t\t\t\t\t<div class=\"elementor-container elementor-column-gap-default\">\n\t\t\t\t\t<div class=\"elementor-column elementor-col-100 elementor-top-column elementor-element elementor-element-a16d19e\" data-id=\"a16d19e\" data-element_type=\"column\" data-e-type=\"column\">\n\t\t\t<div class=\"elementor-widget-wrap elementor-element-populated\">\n\t\t\t\t\t\t<div class=\"elementor-element elementor-element-e219d65 elementor-widget elementor-widget-back-hero-slider\" data-id=\"e219d65\" data-element_type=\"widget\" data-e-type=\"widget\" data-widget_type=\"back-hero-slider.default\">\n\t\t\t\t<div class=\"elementor-widget-container\">\n\t\t\t\t\t\r\n            <div class=\"back-unique-slider back-hero-slider\">\r\n                <div id=\"back-slick-slider-6735\" class=\"back-addons-slider\">                        \r\n                                        <div class=\"slide-item\">\r\n                              \r\n                            <div  class=\"back-hero-slide\" style=\"background-image: url(https:\/\/tohibayinde.com\/kerales\/wp-content\/uploads\/2025\/08\/Desktop-1-2.png);\">\r\n                                                            <div class=\"hero-inner-slide\">  \r\n                                    <div class=\"container\">                              \r\n                                        \r\n                                                                                    \r\n                                            <div class=\"slider-title\">\r\n                                                <h1 class=\"title\"> Ing\u00e9nierie financi\u00e8re<\/h1>                                   \r\n                                            <\/div>                                           \r\n                                                                                \r\n\r\n                                         \r\n                                            <a href=\"https:\/\/tohibayinde.com\/kerales\/contacts\" class=\"back-slide-btn\" >CONTACTEZ NOUS<\/a> \r\n                                         \r\n\r\n                                                                            <\/div>                                       \r\n                                <\/div>                                       \r\n                            <\/div>\r\n                        <\/div>           \r\n                       \r\n                <\/div>\r\n                <div class=\"back-slider-conf wpsisac-hide\" data-conf=\"{&quot;autoplaySpeed&quot;:3000,&quot;slider_autoplay&quot;:&quot;false&quot;,&quot;pauseOnHover&quot;:&quot;false&quot;,&quot;sliderDots&quot;:&quot;false&quot;,&quot;sliderNav&quot;:&quot;true&quot;,&quot;infinite&quot;:&quot;false&quot;}\"><\/div>\r\n            <\/div>\r\n            <script type=\"text\/javascript\"> \r\n                jQuery(document).ready(function(){\r\n                    jQuery( '.back-addons-slider' ).each(function( index ) {        \r\n                    var slider_id       = jQuery(this).attr('id'); \r\n                    var slider_conf     = jQuery.parseJSON( jQuery(this).closest('.back-unique-slider').find('.back-slider-conf').attr('data-conf'));\r\n                   \r\n                    if( typeof(slider_id) != 'undefined' && slider_id != '' ) {\r\n                    jQuery('#'+slider_id).not('.slick-initialized').slick({\r\n                    slidesToShow    : 1,\r\n                    centerMode      : false,\r\n                    dots            : (slider_conf.sliderDots)  == \"true\" ? true : false,\r\n                    arrows          : (slider_conf.sliderNav) == \"true\" ? true : false,\r\n                    autoplay        : (slider_conf.slider_autoplay) == \"true\" ? true : false,\r\n                    slidesToScroll  : 1,\r\n                    centerPadding   : '0px',\r\n                    autoplaySpeed   : parseInt(slider_conf.autoplaySpeed),\r\n                    pauseOnHover    : (slider_conf.pauseOnHover) == \"true\" ? true : false,\r\n                    loop : (slider_conf.infinite)  == \"true\" ? true : false,\r\n                    });\r\n                }\r\n                });\r\n            });\r\n            <\/script>\r\n        \t\t\t\t<\/div>\n\t\t\t\t<\/div>\n\t\t\t\t<div class=\"elementor-element elementor-element-67012c7 elementor-widget__width-initial elementor-absolute elementor-widget elementor-widget-image\" data-id=\"67012c7\" data-element_type=\"widget\" data-e-type=\"widget\" data-settings=\"{&quot;_position&quot;:&quot;absolute&quot;}\" data-widget_type=\"image.default\">\n\t\t\t\t\t\t\t\t\t\t\t\t\t\t\t<img decoding=\"async\" src=\"https:\/\/backtheme.tech\/products\/wordpress\/kbizwp\/wp-content\/uploads\/2022\/06\/shape3.png\" title=\"\" alt=\"\" loading=\"lazy\" \/>\t\t\t\t\t\t\t\t\t\t\t\t\t\t\t<\/div>\n\t\t\t\t\t<\/div>\n\t\t<\/div>\n\t\t\t\t\t<\/div>\n\t\t<\/section>\n\t\t\t\t<section class=\"elementor-section elementor-top-section elementor-element elementor-element-8b12bfa elementor-section-stretched elementor-section-full_width tab-content tab-4 elementor-section-height-default elementor-section-height-default\" data-id=\"8b12bfa\" data-element_type=\"section\" data-e-type=\"section\" id=\"Ser\" data-settings=\"{&quot;stretch_section&quot;:&quot;section-stretched&quot;,&quot;background_background&quot;:&quot;gradient&quot;}\">\n\t\t\t\t\t\t<div class=\"elementor-container elementor-column-gap-default\">\n\t\t\t\t\t<div class=\"elementor-column elementor-col-50 elementor-top-column elementor-element elementor-element-640ef4b\" data-id=\"640ef4b\" data-element_type=\"column\" data-e-type=\"column\" data-settings=\"{&quot;background_background&quot;:&quot;classic&quot;}\">\n\t\t\t<div class=\"elementor-widget-wrap elementor-element-populated\">\n\t\t\t\t\t\t<div class=\"elementor-element elementor-element-75c2cd3 elementor-widget elementor-widget-text-editor\" data-id=\"75c2cd3\" data-element_type=\"widget\" data-e-type=\"widget\" data-widget_type=\"text-editor.default\">\n\t\t\t\t\t\t\t\t\t<p>Nous concevons, structurons et mettons en \u0153uvre des solutions financi\u00e8res innovantes adapt\u00e9es aux besoins sp\u00e9cifiques de nos clients et \u00e0 la r\u00e9alisation de leurs ambitions de d\u00e9veloppement.<\/p><p>Notre expertise dans les activit\u00e9s de Conseil et dans la facilitation d\u2019op\u00e9rations financi\u00e8res et strat\u00e9giques d\u2019envergure nous permet d\u2019accompagner les entreprises, les institutionnels et les gouvernements dans leurs projets de financement, de restructuration et de fusions-acquisitions.<\/p>\t\t\t\t\t\t\t\t<\/div>\n\t\t\t\t\t<\/div>\n\t\t<\/div>\n\t\t\t\t<div class=\"elementor-column elementor-col-50 elementor-top-column elementor-element elementor-element-d0d0653\" data-id=\"d0d0653\" data-element_type=\"column\" data-e-type=\"column\" data-settings=\"{&quot;background_background&quot;:&quot;classic&quot;}\">\n\t\t\t<div class=\"elementor-widget-wrap elementor-element-populated\">\n\t\t\t\t\t\t<div class=\"elementor-element elementor-element-ceaf4f2 elementor-widget elementor-widget-image\" data-id=\"ceaf4f2\" data-element_type=\"widget\" data-e-type=\"widget\" data-widget_type=\"image.default\">\n\t\t\t\t\t\t\t\t\t\t\t\t\t\t\t<img fetchpriority=\"high\" decoding=\"async\" width=\"640\" height=\"427\" src=\"https:\/\/tohibayinde.com\/kerales\/wp-content\/uploads\/2025\/09\/REP4U5Ba-1024x683.jpg\" class=\"attachment-large size-large wp-image-4139\" alt=\"\" srcset=\"https:\/\/tohibayinde.com\/kerales\/wp-content\/uploads\/2025\/09\/REP4U5Ba-1024x683.jpg 1024w, https:\/\/tohibayinde.com\/kerales\/wp-content\/uploads\/2025\/09\/REP4U5Ba-300x200.jpg 300w, https:\/\/tohibayinde.com\/kerales\/wp-content\/uploads\/2025\/09\/REP4U5Ba-768x512.jpg 768w, https:\/\/tohibayinde.com\/kerales\/wp-content\/uploads\/2025\/09\/REP4U5Ba-1536x1024.jpg 1536w, https:\/\/tohibayinde.com\/kerales\/wp-content\/uploads\/2025\/09\/REP4U5Ba.jpg 1920w\" sizes=\"(max-width: 640px) 100vw, 640px\" \/>\t\t\t\t\t\t\t\t\t\t\t\t\t\t\t<\/div>\n\t\t\t\t\t<\/div>\n\t\t<\/div>\n\t\t\t\t\t<\/div>\n\t\t<\/section>\n\t\t\t\t<\/div>\n\t\t","protected":false},"excerpt":{"rendered":"<p>Ing\u00e9nierie financi\u00e8re CONTACTEZ NOUS Nous concevons, structurons et mettons en \u0153uvre des solutions financi\u00e8res innovantes adapt\u00e9es aux besoins sp\u00e9cifiques de nos clients et \u00e0 la r\u00e9alisation de leurs ambitions de d\u00e9veloppement. Notre expertise dans les activit\u00e9s de Conseil et dans la facilitation d\u2019op\u00e9rations financi\u00e8res et strat\u00e9giques d\u2019envergure nous permet d\u2019accompagner les entreprises, les institutionnels et&#8230;<\/p>\n","protected":false},"author":1,"featured_media":0,"parent":0,"menu_order":0,"comment_status":"closed","ping_status":"closed","template":"elementor_header_footer","meta":{"_monsterinsights_skip_tracking":false,"_monsterinsights_sitenote_active":false,"_monsterinsights_sitenote_note":"","_monsterinsights_sitenote_category":0,"footnotes":""},"class_list":["post-3733","page","type-page","status-publish","hentry"],"aioseo_notices":[],"_links":{"self":[{"href":"https:\/\/tohibayinde.com\/kerales\/wp-json\/wp\/v2\/pages\/3733","targetHints":{"allow":["GET"]}}],"collection":[{"href":"https:\/\/tohibayinde.com\/kerales\/wp-json\/wp\/v2\/pages"}],"about":[{"href":"https:\/\/tohibayinde.com\/kerales\/wp-json\/wp\/v2\/types\/page"}],"author":[{"embeddable":true,"href":"https:\/\/tohibayinde.com\/kerales\/wp-json\/wp\/v2\/users\/1"}],"replies":[{"embeddable":true,"href":"https:\/\/tohibayinde.com\/kerales\/wp-json\/wp\/v2\/comments?post=3733"}],"version-history":[{"count":25,"href":"https:\/\/tohibayinde.com\/kerales\/wp-json\/wp\/v2\/pages\/3733\/revisions"}],"predecessor-version":[{"id":4323,"href":"https:\/\/tohibayinde.com\/kerales\/wp-json\/wp\/v2\/pages\/3733\/revisions\/4323"}],"wp:attachment":[{"href":"https:\/\/tohibayinde.com\/kerales\/wp-json\/wp\/v2\/media?parent=3733"}],"curies":[{"name":"wp","href":"https:\/\/api.w.org\/{rel}","templated":true}]}}